{"id":190088,"date":"2023-11-24T13:39:27","date_gmt":"2023-11-24T12:39:27","guid":{"rendered":"https:\/\/ideanatale.com\/shop\/uncategorized\/portable-garage-molto-5414-6-tier-stand\/"},"modified":"2023-11-25T06:09:36","modified_gmt":"2023-11-25T05:09:36","slug":"portable-garage-molto-5414-6-tier-stand","status":"publish","type":"product","link":"https:\/\/ideanatale.com\/en\/shop\/gifts\/gift-ideas-for-children\/portable-garage-molto-5414-6-tier-stand\/","title":{"rendered":"Portable Garage Molt\u00f3 5414 6 tier stand"},"content":{"rendered":"<p>Children deserve the best, that&#8217;s why we present to you <b>Portable Garage Molt\u00f3 5414 6 tier stand<\/b>, ideal for those who seek quality products for their little ones! Get <b>Molt\u00f3<\/b> at the best prices!<\/p>\n<ul>\n<li>Recommended age:\n<ul>\n<li>+ 3 years<\/li>\n<li>99 Years<\/li>\n<\/ul>\n<\/li>\n<li>Type: 6 tier stand<\/li>\n<li>Material: Plastic<\/li>\n<li>Language: English<\/li>\n<li>Remote Control: No<\/li>\n<\/ul>\n","protected":false},"excerpt":{"rendered":"<p>Children deserve the best, that&#8217;s why we present to you Portable Garage Molt\u00f3 5414 6 tier stand, ideal for those who seek quality products for their little ones! Get Molt\u00f3 at the best prices! Recommended age: + 3 years 99 Years Type: 6 tier stand Material: Plastic Language: English Remote Control: No<\/p>\n","protected":false},"featured_media":206144,"comment_status":"open","ping_status":"closed","template":"","meta":[],"product_cat":[167],"product_tag":[2335,2151,2176],"acf":[],"yoast_head":"<!-- This site is optimized with the Yoast SEO Premium plugin v21.0 (Yoast SEO v21.0) - https:\/\/yoast.com\/wordpress\/plugins\/seo\/ -->\n<title>Portable Garage Molt\u00f3 5414 6 tier stand - Idea Natale<\/title>\n<meta name=\"robots\" content=\"index, follow, max-snippet:-1, max-image-preview:large, max-video-preview:-1\" \/>\n<link rel=\"canonical\" href=\"https:\/\/ideanatale.com\/en\/shop\/gifts\/gift-ideas-for-children\/portable-garage-molto-5414-6-tier-stand\/\" \/>\n<meta property=\"og:locale\" content=\"en_US\" \/>\n<meta property=\"og:type\" content=\"article\" \/>\n<meta property=\"og:title\" content=\"Portable Garage Molt\u00f3 5414 6 tier stand\" \/>\n<meta property=\"og:description\" content=\"Children deserve the best, that&#8217;s why we present to you Portable Garage Molt\u00f3 5414 6 tier stand, ideal for those who seek quality products for their little ones! Get Molt\u00f3 at the best prices! Recommended age: + 3 years 99 Years Type: 6 tier stand Material: Plastic Language: English Remote Control: No\" \/>\n<meta property=\"og:url\" content=\"https:\/\/ideanatale.com\/en\/shop\/gifts\/gift-ideas-for-children\/portable-garage-molto-5414-6-tier-stand\/\" \/>\n<meta property=\"og:site_name\" content=\"Idea Natale\" \/>\n<meta property=\"article:publisher\" content=\"https:\/\/www.facebook.com\/ideanatalecom\/\" \/>\n<meta property=\"article:modified_time\" content=\"2023-11-25T05:09:36+00:00\" \/>\n<meta name=\"twitter:card\" content=\"summary_large_image\" \/>\n<script type=\"application\/ld+json\" class=\"yoast-schema-graph\">{\"@context\":\"https:\/\/schema.org\",\"@graph\":[{\"@type\":\"WebPage\",\"@id\":\"https:\/\/ideanatale.com\/en\/shop\/gifts\/gift-ideas-for-children\/portable-garage-molto-5414-6-tier-stand\/\",\"url\":\"https:\/\/ideanatale.com\/en\/shop\/gifts\/gift-ideas-for-children\/portable-garage-molto-5414-6-tier-stand\/\",\"name\":\"Portable Garage Molt\u00f3 5414 6 tier stand - Idea Natale\",\"isPartOf\":{\"@id\":\"https:\/\/ideanatale.com\/en\/#website\"},\"datePublished\":\"2023-11-24T12:39:27+00:00\",\"dateModified\":\"2023-11-25T05:09:36+00:00\",\"breadcrumb\":{\"@id\":\"https:\/\/ideanatale.com\/en\/shop\/gifts\/gift-ideas-for-children\/portable-garage-molto-5414-6-tier-stand\/#breadcrumb\"},\"inLanguage\":\"en-US\",\"potentialAction\":[{\"@type\":\"ReadAction\",\"target\":[\"https:\/\/ideanatale.com\/en\/shop\/gifts\/gift-ideas-for-children\/portable-garage-molto-5414-6-tier-stand\/\"]}]},{\"@type\":\"BreadcrumbList\",\"@id\":\"https:\/\/ideanatale.com\/en\/shop\/gifts\/gift-ideas-for-children\/portable-garage-molto-5414-6-tier-stand\/#breadcrumb\",\"itemListElement\":[{\"@type\":\"ListItem\",\"position\":1,\"name\":\"Home\",\"item\":\"https:\/\/ideanatale.com\/en\/\"},{\"@type\":\"ListItem\",\"position\":2,\"name\":\"Shop\",\"item\":\"https:\/\/ideanatale.com\/en\/shop\/\"},{\"@type\":\"ListItem\",\"position\":3,\"name\":\"Portable Garage Molt\u00f3 5414 6 tier stand\"}]},{\"@type\":\"WebSite\",\"@id\":\"https:\/\/ideanatale.com\/en\/#website\",\"url\":\"https:\/\/ideanatale.com\/en\/\",\"name\":\"Idea Natale\",\"description\":\"Your Christmas Shopping\",\"publisher\":{\"@id\":\"https:\/\/ideanatale.com\/en\/#organization\"},\"potentialAction\":[{\"@type\":\"SearchAction\",\"target\":{\"@type\":\"EntryPoint\",\"urlTemplate\":\"https:\/\/ideanatale.com\/en\/?s={search_term_string}\"},\"query-input\":\"required name=search_term_string\"}],\"inLanguage\":\"en-US\"},{\"@type\":\"Organization\",\"@id\":\"https:\/\/ideanatale.com\/en\/#organization\",\"name\":\"Idea Natale\",\"url\":\"https:\/\/ideanatale.com\/en\/\",\"logo\":{\"@type\":\"ImageObject\",\"inLanguage\":\"en-US\",\"@id\":\"https:\/\/ideanatale.com\/en\/#\/schema\/logo\/image\/\",\"url\":\"https:\/\/ideanatale.com\/image_data\/logo.png\",\"contentUrl\":\"https:\/\/ideanatale.com\/image_data\/logo.png\",\"width\":150,\"height\":84,\"caption\":\"Idea Natale\"},\"image\":{\"@id\":\"https:\/\/ideanatale.com\/en\/#\/schema\/logo\/image\/\"},\"sameAs\":[\"https:\/\/www.facebook.com\/ideanatalecom\/\",\"https:\/\/instagram.com\/ideanatale\/\",\"https:\/\/www.pinterest.com\/ideanatale\/\"]}]}<\/script>\n<meta property=\"product:price:amount\" content=\"59.10\" \/>\n<meta property=\"product:price:currency\" content=\"EUR\" \/>\n<meta property=\"og:availability\" content=\"out of stock\" \/>\n<meta property=\"product:availability\" content=\"out of stock\" \/>\n<meta property=\"product:retailer_item_id\" content=\"S2422595\" \/>\n<meta property=\"product:condition\" content=\"new\" \/>\n<!-- \/ Yoast SEO Premium plugin. -->","yoast_head_json":{"title":"Portable Garage Molt\u00f3 5414 6 tier stand - Idea Natale","robots":{"index":"index","follow":"follow","max-snippet":"max-snippet:-1","max-image-preview":"max-image-preview:large","max-video-preview":"max-video-preview:-1"},"canonical":"https:\/\/ideanatale.com\/en\/shop\/gifts\/gift-ideas-for-children\/portable-garage-molto-5414-6-tier-stand\/","og_locale":"en_US","og_type":"article","og_title":"Portable Garage Molt\u00f3 5414 6 tier stand","og_description":"Children deserve the best, that&#8217;s why we present to you Portable Garage Molt\u00f3 5414 6 tier stand, ideal for those who seek quality products for their little ones! Get Molt\u00f3 at the best prices! Recommended age: + 3 years 99 Years Type: 6 tier stand Material: Plastic Language: English Remote Control: No","og_url":"https:\/\/ideanatale.com\/en\/shop\/gifts\/gift-ideas-for-children\/portable-garage-molto-5414-6-tier-stand\/","og_site_name":"Idea Natale","article_publisher":"https:\/\/www.facebook.com\/ideanatalecom\/","article_modified_time":"2023-11-25T05:09:36+00:00","twitter_card":"summary_large_image","schema":{"@context":"https:\/\/schema.org","@graph":[{"@type":"WebPage","@id":"https:\/\/ideanatale.com\/en\/shop\/gifts\/gift-ideas-for-children\/portable-garage-molto-5414-6-tier-stand\/","url":"https:\/\/ideanatale.com\/en\/shop\/gifts\/gift-ideas-for-children\/portable-garage-molto-5414-6-tier-stand\/","name":"Portable Garage Molt\u00f3 5414 6 tier stand - Idea Natale","isPartOf":{"@id":"https:\/\/ideanatale.com\/en\/#website"},"datePublished":"2023-11-24T12:39:27+00:00","dateModified":"2023-11-25T05:09:36+00:00","breadcrumb":{"@id":"https:\/\/ideanatale.com\/en\/shop\/gifts\/gift-ideas-for-children\/portable-garage-molto-5414-6-tier-stand\/#breadcrumb"},"inLanguage":"en-US","potentialAction":[{"@type":"ReadAction","target":["https:\/\/ideanatale.com\/en\/shop\/gifts\/gift-ideas-for-children\/portable-garage-molto-5414-6-tier-stand\/"]}]},{"@type":"BreadcrumbList","@id":"https:\/\/ideanatale.com\/en\/shop\/gifts\/gift-ideas-for-children\/portable-garage-molto-5414-6-tier-stand\/#breadcrumb","itemListElement":[{"@type":"ListItem","position":1,"name":"Home","item":"https:\/\/ideanatale.com\/en\/"},{"@type":"ListItem","position":2,"name":"Shop","item":"https:\/\/ideanatale.com\/en\/shop\/"},{"@type":"ListItem","position":3,"name":"Portable Garage Molt\u00f3 5414 6 tier stand"}]},{"@type":"WebSite","@id":"https:\/\/ideanatale.com\/en\/#website","url":"https:\/\/ideanatale.com\/en\/","name":"Idea Natale","description":"Your Christmas Shopping","publisher":{"@id":"https:\/\/ideanatale.com\/en\/#organization"},"potentialAction":[{"@type":"SearchAction","target":{"@type":"EntryPoint","urlTemplate":"https:\/\/ideanatale.com\/en\/?s={search_term_string}"},"query-input":"required name=search_term_string"}],"inLanguage":"en-US"},{"@type":"Organization","@id":"https:\/\/ideanatale.com\/en\/#organization","name":"Idea Natale","url":"https:\/\/ideanatale.com\/en\/","logo":{"@type":"ImageObject","inLanguage":"en-US","@id":"https:\/\/ideanatale.com\/en\/#\/schema\/logo\/image\/","url":"https:\/\/ideanatale.com\/image_data\/logo.png","contentUrl":"https:\/\/ideanatale.com\/image_data\/logo.png","width":150,"height":84,"caption":"Idea Natale"},"image":{"@id":"https:\/\/ideanatale.com\/en\/#\/schema\/logo\/image\/"},"sameAs":["https:\/\/www.facebook.com\/ideanatalecom\/","https:\/\/instagram.com\/ideanatale\/","https:\/\/www.pinterest.com\/ideanatale\/"]}]},"product_price_amount":"59.10","product_price_currency":"EUR","og_availability":"out of stock","product_availability":"out of stock","product_retailer_item_id":"S2422595","product_condition":"new"},"_links":{"self":[{"href":"https:\/\/ideanatale.com\/en\/wp-json\/wp\/v2\/product\/190088"}],"collection":[{"href":"https:\/\/ideanatale.com\/en\/wp-json\/wp\/v2\/product"}],"about":[{"href":"https:\/\/ideanatale.com\/en\/wp-json\/wp\/v2\/types\/product"}],"replies":[{"embeddable":true,"href":"https:\/\/ideanatale.com\/en\/wp-json\/wp\/v2\/comments?post=190088"}],"wp:featuredmedia":[{"embeddable":true,"href":"https:\/\/ideanatale.com\/en\/wp-json\/wp\/v2\/media\/206144"}],"wp:attachment":[{"href":"https:\/\/ideanatale.com\/en\/wp-json\/wp\/v2\/media?parent=190088"}],"wp:term":[{"taxonomy":"product_cat","embeddable":true,"href":"https:\/\/ideanatale.com\/en\/wp-json\/wp\/v2\/product_cat?post=190088"},{"taxonomy":"product_tag","embeddable":true,"href":"https:\/\/ideanatale.com\/en\/wp-json\/wp\/v2\/product_tag?post=190088"}],"curies":[{"name":"wp","href":"https:\/\/api.w.org\/{rel}","templated":true}]}}